{"id":1083148,"date":"2026-02-04T21:01:56","date_gmt":"2026-02-04T20:01:56","guid":{"rendered":"https:\/\/www.fdp-fuldatal.de\/?page_id=1083148"},"modified":"2026-02-14T11:52:44","modified_gmt":"2026-02-14T10:52:44","slug":"kommunalwahlprogramm-2026","status":"publish","type":"page","link":"https:\/\/www.fdp-fuldatal.de\/?page_id=1083148","title":{"rendered":"Kommunalwahlprogramm 2026"},"content":{"rendered":"\n<p class=\"has-medium-font-size\"><strong>Kurzwahlprogramm: Flyer<\/strong><\/p>\n\n\n\n<figure class=\"wp-block-image size-large\"><a href=\"https:\/\/i0.wp.com\/www.fdp-fuldatal.de\/wp-content\/uploads\/2026\/02\/Kandidatenfaltblatt-6-seitig-DIN-A5-Wickelfalz-260212171916.jpg?ssl=1\"><img data-recalc-dims=\"1\" loading=\"lazy\" decoding=\"async\" width=\"625\" height=\"302\" src=\"https:\/\/i0.wp.com\/www.fdp-fuldatal.de\/wp-content\/uploads\/2026\/02\/Kandidatenfaltblatt-6-seitig-DIN-A5-Wickelfalz-260212171916.jpg?resize=625%2C302&#038;ssl=1\" alt=\"\" class=\"wp-image-1089982\" srcset=\"https:\/\/i0.wp.com\/www.fdp-fuldatal.de\/wp-content\/uploads\/2026\/02\/Kandidatenfaltblatt-6-seitig-DIN-A5-Wickelfalz-260212171916.jpg?resize=1024%2C494&amp;ssl=1 1024w, https:\/\/i0.wp.com\/www.fdp-fuldatal.de\/wp-content\/uploads\/2026\/02\/Kandidatenfaltblatt-6-seitig-DIN-A5-Wickelfalz-260212171916.jpg?resize=300%2C145&amp;ssl=1 300w, https:\/\/i0.wp.com\/www.fdp-fuldatal.de\/wp-content\/uploads\/2026\/02\/Kandidatenfaltblatt-6-seitig-DIN-A5-Wickelfalz-260212171916.jpg?resize=768%2C370&amp;ssl=1 768w, https:\/\/i0.wp.com\/www.fdp-fuldatal.de\/wp-content\/uploads\/2026\/02\/Kandidatenfaltblatt-6-seitig-DIN-A5-Wickelfalz-260212171916.jpg?resize=624%2C301&amp;ssl=1 624w, https:\/\/i0.wp.com\/www.fdp-fuldatal.de\/wp-content\/uploads\/2026\/02\/Kandidatenfaltblatt-6-seitig-DIN-A5-Wickelfalz-260212171916.jpg?w=1269&amp;ssl=1 1269w\" sizes=\"auto, (max-width: 625px) 100vw, 625px\" \/><\/a><\/figure>\n\n\n\n<figure class=\"wp-block-image size-large\"><a href=\"https:\/\/i0.wp.com\/www.fdp-fuldatal.de\/wp-content\/uploads\/2026\/02\/Kandidatenfaltblatt-6-seitig-DIN-A5-Wickelfalz-260212171916-2.jpg?ssl=1\"><img data-recalc-dims=\"1\" loading=\"lazy\" decoding=\"async\" width=\"625\" height=\"302\" src=\"https:\/\/i0.wp.com\/www.fdp-fuldatal.de\/wp-content\/uploads\/2026\/02\/Kandidatenfaltblatt-6-seitig-DIN-A5-Wickelfalz-260212171916-2.jpg?resize=625%2C302&#038;ssl=1\" alt=\"\" class=\"wp-image-1089985\" srcset=\"https:\/\/i0.wp.com\/www.fdp-fuldatal.de\/wp-content\/uploads\/2026\/02\/Kandidatenfaltblatt-6-seitig-DIN-A5-Wickelfalz-260212171916-2.jpg?resize=1024%2C494&amp;ssl=1 1024w, https:\/\/i0.wp.com\/www.fdp-fuldatal.de\/wp-content\/uploads\/2026\/02\/Kandidatenfaltblatt-6-seitig-DIN-A5-Wickelfalz-260212171916-2.jpg?resize=300%2C145&amp;ssl=1 300w, https:\/\/i0.wp.com\/www.fdp-fuldatal.de\/wp-content\/uploads\/2026\/02\/Kandidatenfaltblatt-6-seitig-DIN-A5-Wickelfalz-260212171916-2.jpg?resize=768%2C370&amp;ssl=1 768w, https:\/\/i0.wp.com\/www.fdp-fuldatal.de\/wp-content\/uploads\/2026\/02\/Kandidatenfaltblatt-6-seitig-DIN-A5-Wickelfalz-260212171916-2.jpg?resize=624%2C301&amp;ssl=1 624w, https:\/\/i0.wp.com\/www.fdp-fuldatal.de\/wp-content\/uploads\/2026\/02\/Kandidatenfaltblatt-6-seitig-DIN-A5-Wickelfalz-260212171916-2.jpg?w=1269&amp;ssl=1 1269w\" sizes=\"auto, (max-width: 625px) 100vw, 625px\" \/><\/a><\/figure>\n\n\n\n<h1 class=\"wp-block-heading\">Wahlprogramm FDP Fuldatal \u2013 Kommunalwahl 2026<\/h1>\n\n\n\n<h2 class=\"wp-block-heading\">Vorwort<\/h2>\n\n\n\n<p>Fuldatal ist eine lebenswerte Gemeinde mit starken Ortsteilen, engagierten B\u00fcrgerinnen und B\u00fcrgern und einem vielf\u00e4ltigen Vereinsleben. Damit dies so bleibt, braucht es eine engagierte, ehrliche Kommunalpolitik mit liberaler Handschrift, die Freiheit, Verantwortung und solide Finanzen miteinander verbindet. Unser Anspruch ist eine Politik, die pragmatisch handelt, vorausschauend plant und den Menschen vor Ort vertraut. Wir Freie Demokraten stehen f\u00fcr eine l\u00f6sungsorientierte Kommunalpolitik, die Mut macht, Chancen nutzt und Zukunft gestaltet.<\/p>\n\n\n\n<h2 class=\"wp-block-heading\">1. Finanzen, Wirtschaft &amp; Moderne Verwaltung<\/h2>\n\n\n\n<p>Solide Finanzen sind das Fundament kommunaler Handlungsf\u00e4higkeit. Die kommunale Selbstverwaltung ist eine Grundlage unserer Gesellschaft. Wir setzen auf eine verantwortungsvolle Haushaltspolitik, die ohne Steuerh\u00f6hungen auskommt und stattdessen Priorit\u00e4ten richtig setzt. Die Kommunen m\u00fcssen aber auch mit den entsprechenden Mitteln von Bund und Land ausgestattet werden. Daf\u00fcr setzt sich die FDP auch \u00fcber kommunale Ebene ein.<\/p>\n\n\n\n<p>Eine starke lokale Wirtschaft sichert Arbeitspl\u00e4tze, Wohlstand und Innovation. Handwerk und Mittelstand st\u00e4rken wir durch verl\u00e4ssliche Rahmenbedingungen. Wir haben mit unseren Gewerbegebieten daf\u00fcr einen Grundstein gelegt.&nbsp;<\/p>\n\n\n\n<p>Eine moderne Verwaltung ist nicht nur der Schl\u00fcssel zu Transparenz und B\u00fcrgern\u00e4he: Digitale Prozesse, klare Zust\u00e4ndigkeiten und kurze Wege sorgen daf\u00fcr, dass Anliegen effizient bearbeitet werden und steigern die M\u00f6glichkeit f\u00fcr ausgeglichene Finanzen. Durch interkommunale Kooperationen k\u00f6nnen wir zudem Doppelstrukturen abbauen und Ressourcen sinnvoll nutzen.&nbsp;<\/p>\n\n\n\n<h2 class=\"wp-block-heading\">2. Gesundheit &amp; Soziales<\/h2>\n\n\n\n<p>Eine wohnortnahe Gesundheitsversorgung ist unverzichtbar. Wir setzen uns f\u00fcr die Sicherung der Hausarztversorgung ein und wollen moderne Modelle wie mobile Praxen oder Gesundheitszentren pr\u00fcfen. So sichern wir die Angebote in allen Ortsteilen.<\/p>\n\n\n\n<p>Im Alter wird ein eine m\u00f6glichst gro\u00dfes Pflegeangebot immer wichtiger. Wir in Fuldatal k\u00f6nnen hier auf ein gro\u00dfes lokales Angebot zugreifen, dies gilt es zu sichern und zu erweitern.<\/p>\n\n\n\n<p>Familien werden in Fuldatal wir durch verl\u00e4ssliche Betreuungsangebote, Ganztagsstrukturen und mehr Flexibilit\u00e4t unterst\u00fctzt.&nbsp;<\/p>\n\n\n\n<p>Integration verstehen wir als Chance: Menschen, die in Fuldatal leben, sollen schnell ankommen, teilhaben und ihre Potenziale einbringen k\u00f6nnen \u2013 unabh\u00e4ngig von ihrer Herkunft.<\/p>\n\n\n\n<h2 class=\"wp-block-heading\">3. Bildung &amp; Chancen<\/h2>\n\n\n\n<p>Bildung ist der Schl\u00fcssel f\u00fcr Freiheit und gesellschaftlichen Fortschritt. Wir in Fuldatal unterst\u00fctzen Ganztagsangebote an Schulen in Landkreistr\u00e4gerschaft und begr\u00fc\u00dfen moderne Bildung durch digitale Infrastruktur. Fr\u00fchkindliche Bildung st\u00e4rken wir durch vielf\u00e4ltige Betreuungsangebote und bedarfsgerechte Betreuungsschl\u00fcssel. Kooperationen mit Wirtschaft und Vereinen machen Bildung praxisnah und zukunftsfest \u2013 vom Kindergarten bis zur beruflichen Orientierung.<\/p>\n\n\n\n<h2 class=\"wp-block-heading\">4. Mobilit\u00e4t &amp; Infrastruktur<\/h2>\n\n\n\n<p>Mobilit\u00e4t muss sicher, flexibel und alltagstauglich sein. Jeder hat des Recht seine Art der Mobilit\u00e4t selbst zu w\u00e4hlen. Wir treten f\u00fcr einen offenen und praktikablen Umgang mit den heute vielf\u00e4ltigen M\u00f6glichkeiten ein. Der \u00d6PNV sollte durch dichtere Takte ein verbessertes Angebot erzeugen. Das Radwegenetz kann sinnvoll weiter ausgebaut werden, aber auch unsere Stra\u00dfen haben eine gro\u00dfen Sanierungsstau und sollten vorrangig betrachtet werden.<\/p>\n\n\n\n<p>Wir wollen sichere Schulwege. Hier m\u00fcssen wir immer wieder hinschauen was verbessert werden kann. Dies ist jedoch unter den lokalen Gegebenheiten zu pr\u00fcfen. Das kann durch Tempolimits oder Querungshilfen an sensiblen Stellen passieren, durch Schullotsenprogramme und durch klare Elterntaxi-Zonen.&nbsp;<\/p>\n\n\n\n<p>Das Waldschwimmbad bleibt f\u00fcr uns ein unverzichtbarer Ort f\u00fcr Bildung, Gesundheit und Freizeit \u2013 seine langfristige Sicherung hat f\u00fcr uns Priorit\u00e4t, damit unsere Kinder weiterhin die M\u00f6glichkeit haben Schwimmen zu lernen.<\/p>\n\n\n\n<h2 class=\"wp-block-heading\">5. Digitalisierung &amp; B\u00fcrgern\u00e4he<\/h2>\n\n\n\n<p>Digitale Infrastruktur ist Voraussetzung f\u00fcr moderne Teilhabe. Digitale Beteiligungsformate, M\u00e4ngelmelder und transparente Verwaltungsprozesse schaffen Vertrauen und erm\u00f6glichen echte Mitgestaltung. Unser Anspruch: Wo immer es m\u00f6glich ist, sollen B\u00fcrgerinnen und B\u00fcrger digital, einfach und barrierefrei mit ihrer Verwaltung interagieren k\u00f6nnen.<\/p>\n\n\n\n<h2 class=\"wp-block-heading\">6. Lebensqualit\u00e4t, Tourismus, Sport &amp; Ehrenamt<\/h2>\n\n\n\n<p>Ehrenamt ist die Seele unserer Gemeinde. Wir wollen Vereine weiterhin finanziell f\u00f6rdern, und durch gute Nutzungsbedingungen kommunaler R\u00e4ume und Orte unterst\u00fctzen.<\/p>\n\n\n\n<p>Die naturnahe Lage Fuldatal soll touristisch besser sichtbar gemacht und digital vermarktet werden. Sportst\u00e4tten, Freizeitangebote und kulturelle Angebote st\u00e4rken den gesellschaftlichen Zusammenhalt \u2013 sie verdienen verl\u00e4ssliche Unterst\u00fctzung und moderne Infrastruktur.<\/p>\n\n\n\n<p>Aktive Dorfentwicklung ist ein weiterer Schl\u00fcssel f\u00fcr gemeinsames Handeln, Zusammenhalt und Verbesserung der Lebensqualit\u00e4t in Fuldatal.<\/p>\n\n\n\n<p>Speichernde Ortskerne anstatt weiterer Zersiedelung sind unser Ziel: Inner\u00f6rtliche Fl\u00e4chen sollen aktiviert, Leerst\u00e4nde genutzt und neue Quartiere so geplant werden, dass Wohnen, Arbeiten und Versorgung sinnvoll miteinander verbunden sind.<\/p>\n\n\n\n<h2 class=\"wp-block-heading\">7. Sicherheit &amp; Katastrophenschutz<\/h2>\n\n\n\n<p>Sicherheit bedeutet Freiheit. Wir unterst\u00fctzen unsere Feuerwehr und Rettungskr\u00e4fte durch moderne Ausstattung, gute Ausbildung und realistische \u00dcbungsszenarien. F\u00fcr den Katastrophenschutz brauchen wir Notstrom- und Notwasserkonzepte sowie Notrufs\u00e4ulen an strategischen Stellen. Als wichtigen Baustein regionaler Resilienz m\u00fcssen wir die Landkreisaktivit\u00e4ten f\u00fcr Fuldatal bewerten. Auch die Sicherheit in Bezug auf Schutzr\u00e4ume muss an die heutigen Gegebenheiten angepasst werden. Dazu werden wir aktiv Antr\u00e4ge zur Pr\u00fcfung dieser einbringen, sodass Fuldatal auch zu Krisenzeiten ein sicherer Ort f\u00fcr seine Menschen ist.&nbsp;<\/p>\n\n\n\n<h2 class=\"wp-block-heading\">Unser Anspruch<\/h2>\n\n\n\n<p>Wir stehen f\u00fcr eine Politik, die zuh\u00f6rt, abw\u00e4gt und entscheidet \u2013 nicht laut, nicht ideologisch, sondern verantwortungsvoll und verl\u00e4sslich. F\u00fcr ein freies, starkes und zukunftsf\u00e4higes Fuldatal. Geben Sie uns Ihre Stimme bei der Kommunalwahl am 15. M\u00e4rz 2026.<\/p>\n\n\n\n<p><\/p>\n","protected":false},"excerpt":{"rendered":"<p>Kurzwahlprogramm: Flyer Wahlprogramm FDP Fuldatal \u2013 Kommunalwahl 2026 Vorwort Fuldatal ist eine lebenswerte Gemeinde mit starken Ortsteilen, engagierten B\u00fcrgerinnen und B\u00fcrgern und einem vielf\u00e4ltigen Vereinsleben. Damit dies so bleibt, braucht es eine engagierte, ehrliche Kommunalpolitik mit liberaler Handschrift, die Freiheit, Verantwortung und solide Finanzen miteinander verbindet. Unser Anspruch ist eine Politik, die pragmatisch handelt, vorausschauend [&hellip;]<\/p>\n","protected":false},"author":88902,"featured_media":0,"parent":0,"menu_order":0,"comment_status":"closed","ping_status":"closed","template":"","meta":{"footnotes":""},"class_list":["post-1083148","page","type-page","status-publish","hentry"],"jetpack_sharing_enabled":true,"_links":{"self":[{"href":"https:\/\/www.fdp-fuldatal.de\/index.php?rest_route=\/wp\/v2\/pages\/1083148","targetHints":{"allow":["GET"]}}],"collection":[{"href":"https:\/\/www.fdp-fuldatal.de\/index.php?rest_route=\/wp\/v2\/pages"}],"about":[{"href":"https:\/\/www.fdp-fuldatal.de\/index.php?rest_route=\/wp\/v2\/types\/page"}],"author":[{"embeddable":true,"href":"https:\/\/www.fdp-fuldatal.de\/index.php?rest_route=\/wp\/v2\/users\/88902"}],"replies":[{"embeddable":true,"href":"https:\/\/www.fdp-fuldatal.de\/index.php?rest_route=%2Fwp%2Fv2%2Fcomments&post=1083148"}],"version-history":[{"count":3,"href":"https:\/\/www.fdp-fuldatal.de\/index.php?rest_route=\/wp\/v2\/pages\/1083148\/revisions"}],"predecessor-version":[{"id":1089990,"href":"https:\/\/www.fdp-fuldatal.de\/index.php?rest_route=\/wp\/v2\/pages\/1083148\/revisions\/1089990"}],"wp:attachment":[{"href":"https:\/\/www.fdp-fuldatal.de\/index.php?rest_route=%2Fwp%2Fv2%2Fmedia&parent=1083148"}],"curies":[{"name":"wp","href":"https:\/\/api.w.org\/{rel}","templated":true}]}}