{"id":510,"date":"2010-12-12T11:44:52","date_gmt":"2010-12-12T11:44:52","guid":{"rendered":"http:\/\/www.fdp-fuldatal.com\/?page_id=510"},"modified":"2021-05-14T17:11:39","modified_gmt":"2021-05-14T15:11:39","slug":"ueber-uns","status":"publish","type":"page","link":"https:\/\/www.fdp-fuldatal.de\/?page_id=510","title":{"rendered":"\u00dcber uns"},"content":{"rendered":"\n<p>Wir freuen uns \u00fcber Ihr Interesse an liberaler Politik in Fuldatal.<br>Auf diesen Seiten finde Sie alle Informationen \u00fcber die Menschen, die f\u00fcr Sie in unserem sch\u00f6nen Fuldatal liberale Politik machen:<\/p>\n\n\n\n<ul class=\"wp-block-list\"><li><a href=\"https:\/\/www.fdp-fuldatal.de\/?page_id=191222\" data-type=\"page\" data-id=\"191222\">Vorstand<\/a><\/li><li><a href=\"https:\/\/www.fdp-fuldatal.de\/?page_id=232133\" data-type=\"page\" data-id=\"232133\">Gemeindefraktion<\/a><\/li><\/ul>\n\n\n\n<p>Gerne laden wir Sie ein, uns durch Ihre Ideen oder Ihre Tatkraft bei unserer Arbeit zu unterst\u00fctzen. Ebenso freuen wir uns auch, wenn Sie bei uns Mitglied werden m\u00f6chten.<\/p>\n\n\n\n<p>Wenn Sie Anregungen f\u00fcr unsere Arbeit haben, sich \u00fcber einen Missstand in Ihrem Umfeld \u00e4rgern oder uns einfach nur kennenlernen m\u00f6chten, rufen Sie uns an, schicken Sie uns eine E-Mail oder kommen Sie zu unseren regelm\u00e4\u00dfigen Treffen, diese finde Sie unter <a href=\"https:\/\/www.fdp-fuldatal.de\/?page_id=416\" data-type=\"page\" data-id=\"416\">Termine.<\/a><\/p>\n","protected":false},"excerpt":{"rendered":"<p>Wir freuen uns \u00fcber Ihr Interesse an liberaler Politik in Fuldatal.Auf diesen Seiten finde Sie alle Informationen \u00fcber die Menschen, die f\u00fcr Sie in unserem sch\u00f6nen Fuldatal liberale Politik machen: Vorstand Gemeindefraktion Gerne laden wir Sie ein, uns durch Ihre Ideen oder Ihre Tatkraft bei unserer Arbeit zu unterst\u00fctzen. Ebenso freuen wir uns auch, wenn [&hellip;]<\/p>\n","protected":false},"author":1,"featured_media":0,"parent":0,"menu_order":2,"comment_status":"closed","ping_status":"closed","template":"","meta":{"footnotes":""},"class_list":["post-510","page","type-page","status-publish","hentry"],"jetpack_sharing_enabled":true,"_links":{"self":[{"href":"https:\/\/www.fdp-fuldatal.de\/index.php?rest_route=\/wp\/v2\/pages\/510","targetHints":{"allow":["GET"]}}],"collection":[{"href":"https:\/\/www.fdp-fuldatal.de\/index.php?rest_route=\/wp\/v2\/pages"}],"about":[{"href":"https:\/\/www.fdp-fuldatal.de\/index.php?rest_route=\/wp\/v2\/types\/page"}],"author":[{"embeddable":true,"href":"https:\/\/www.fdp-fuldatal.de\/index.php?rest_route=\/wp\/v2\/users\/1"}],"replies":[{"embeddable":true,"href":"https:\/\/www.fdp-fuldatal.de\/index.php?rest_route=%2Fwp%2Fv2%2Fcomments&post=510"}],"version-history":[{"count":10,"href":"https:\/\/www.fdp-fuldatal.de\/index.php?rest_route=\/wp\/v2\/pages\/510\/revisions"}],"predecessor-version":[{"id":232341,"href":"https:\/\/www.fdp-fuldatal.de\/index.php?rest_route=\/wp\/v2\/pages\/510\/revisions\/232341"}],"wp:attachment":[{"href":"https:\/\/www.fdp-fuldatal.de\/index.php?rest_route=%2Fwp%2Fv2%2Fmedia&parent=510"}],"curies":[{"name":"wp","href":"https:\/\/api.w.org\/{rel}","templated":true}]}}