{"id":614,"date":"2010-12-30T14:00:13","date_gmt":"2010-12-30T13:00:13","guid":{"rendered":"http:\/\/www.fdp-fuldatal.com\/?page_id=614"},"modified":"2021-05-14T17:14:05","modified_gmt":"2021-05-14T15:14:05","slug":"spenden","status":"publish","type":"page","link":"https:\/\/www.fdp-fuldatal.de\/?page_id=614","title":{"rendered":"Spenden"},"content":{"rendered":"<p><strong>Unterst\u00fctzen Sie die FDP in Fuldatal durch eine Spende und st\u00e4rken Sie unsere liberale Politik f\u00fcr Fuldatal.<\/strong><\/p>\n<p>Mit Ihrer Unterst\u00fctzung und Ihrer pers\u00f6nlichen Hilfe f\u00f6rdern Sie die liberale Politik in Fuldatal. Ihre Stimme und Ihre Mitgliedschaft st\u00e4rkt die liberale Position in Fuldatal. Spenden sind ein wichtiger Teil, um unsere und auch Ihren liberalen politischen Beitrag zum Ausdruck zu bringen.<\/p>\n<p>Da Ihre Spenden steuerlich abzugsf\u00e4hig sind, erhalten Sie selbstverst\u00e4ndlich eine Spendenquittung.<\/p>\n<p><strong>Helfen Sie uns durch Ihren Beitrag und st\u00e4rken Sie die liberale Politik in Fuldatal durch<\/strong><\/p>\n<ul>\n<li><strong>Eine \u00dcberweisung:<\/strong><\/li>\n<\/ul>\n<p style=\"padding-left: 30px;\">FDP OV Fuldatal<\/p>\n<p style=\"padding-left: 30px;\">BIC GENODE51KS1<br>IBAN DE92 5209 0000 0183 1567 05<\/p>\n<p style=\"padding-left: 30px;\">Kasseler Bank<\/p>\n<ul>\n<li><strong>Eine Mitgliedschaft:<\/strong><\/li>\n<\/ul>\n<p style=\"padding-left: 30px;\">Werden Sie Mitglied in der FDP und Unterst\u00fctzen Sie uns durch das unterschreiben Ihrer pers\u00f6nlichen <a href=\"https:\/\/mitgliedwerden.fdp.de\" target=\"_blank\" rel=\"noopener\"><strong>Unabh\u00e4ngigkeitserkl\u00e4rung<\/strong><\/a>.<\/p>\n\n\n<p><\/p>\n","protected":false},"excerpt":{"rendered":"<p>Unterst\u00fctzen Sie die FDP in Fuldatal durch eine Spende und st\u00e4rken Sie unsere liberale Politik f\u00fcr Fuldatal. Mit Ihrer Unterst\u00fctzung und Ihrer pers\u00f6nlichen Hilfe f\u00f6rdern Sie die liberale Politik in Fuldatal. Ihre Stimme und Ihre Mitgliedschaft st\u00e4rkt die liberale Position in Fuldatal. Spenden sind ein wichtiger Teil, um unsere und auch Ihren liberalen politischen Beitrag [&hellip;]<\/p>\n","protected":false},"author":1,"featured_media":0,"parent":9,"menu_order":1,"comment_status":"closed","ping_status":"open","template":"","meta":{"footnotes":""},"class_list":["post-614","page","type-page","status-publish","hentry"],"jetpack_sharing_enabled":true,"_links":{"self":[{"href":"https:\/\/www.fdp-fuldatal.de\/index.php?rest_route=\/wp\/v2\/pages\/614","targetHints":{"allow":["GET"]}}],"collection":[{"href":"https:\/\/www.fdp-fuldatal.de\/index.php?rest_route=\/wp\/v2\/pages"}],"about":[{"href":"https:\/\/www.fdp-fuldatal.de\/index.php?rest_route=\/wp\/v2\/types\/page"}],"author":[{"embeddable":true,"href":"https:\/\/www.fdp-fuldatal.de\/index.php?rest_route=\/wp\/v2\/users\/1"}],"replies":[{"embeddable":true,"href":"https:\/\/www.fdp-fuldatal.de\/index.php?rest_route=%2Fwp%2Fv2%2Fcomments&post=614"}],"version-history":[{"count":21,"href":"https:\/\/www.fdp-fuldatal.de\/index.php?rest_route=\/wp\/v2\/pages\/614\/revisions"}],"predecessor-version":[{"id":240063,"href":"https:\/\/www.fdp-fuldatal.de\/index.php?rest_route=\/wp\/v2\/pages\/614\/revisions\/240063"}],"up":[{"embeddable":true,"href":"https:\/\/www.fdp-fuldatal.de\/index.php?rest_route=\/wp\/v2\/pages\/9"}],"wp:attachment":[{"href":"https:\/\/www.fdp-fuldatal.de\/index.php?rest_route=%2Fwp%2Fv2%2Fmedia&parent=614"}],"curies":[{"name":"wp","href":"https:\/\/api.w.org\/{rel}","templated":true}]}}